{"id":27,"date":"2026-03-28T18:17:36","date_gmt":"2026-03-28T18:17:36","guid":{"rendered":"https:\/\/kronos-project.com\/?page_id=27"},"modified":"2026-03-28T14:29:41","modified_gmt":"2026-03-28T20:29:41","slug":"plataforma-kronos","status":"publish","type":"page","link":"https:\/\/kronos-project.com\/","title":{"rendered":"Plataforma Kronos"},"content":{"rendered":"\t\t<div data-elementor-type=\"wp-page\" data-elementor-id=\"27\" class=\"elementor elementor-27\">\n\t\t\t\t\t\t<section class=\"elementor-section elementor-top-section elementor-element elementor-element-ff7a615 elementor-section-boxed elementor-section-height-default elementor-section-height-default elementor-invisible\" data-id=\"ff7a615\" data-element_type=\"section\" data-e-type=\"section\" data-settings=\"{&quot;animation&quot;:&quot;zoomIn&quot;}\">\n\t\t\t\t\t\t<div class=\"elementor-container elementor-column-gap-default\">\n\t\t\t\t\t<div class=\"elementor-column elementor-col-100 elementor-top-column elementor-element elementor-element-e91f686\" data-id=\"e91f686\" data-element_type=\"column\" data-e-type=\"column\">\n\t\t\t<div class=\"elementor-widget-wrap elementor-element-populated\">\n\t\t\t\t\t\t<div class=\"elementor-element elementor-element-9e950e4 elementor-widget elementor-widget-image\" data-id=\"9e950e4\" data-element_type=\"widget\" data-e-type=\"widget\" data-widget_type=\"image.default\">\n\t\t\t\t<div class=\"elementor-widget-container\">\n\t\t\t\t\t\t\t\t\t\t\t\t\t\t\t<img fetchpriority=\"high\" decoding=\"async\" width=\"1600\" height=\"703\" src=\"https:\/\/kronos-project.com\/wp-content\/uploads\/2026\/03\/h8_hero_bg-01.jpg\" class=\"attachment-full size-full wp-image-32\" alt=\"\" srcset=\"https:\/\/kronos-project.com\/wp-content\/uploads\/2026\/03\/h8_hero_bg-01.jpg 1600w, https:\/\/kronos-project.com\/wp-content\/uploads\/2026\/03\/h8_hero_bg-01-300x132.jpg 300w, https:\/\/kronos-project.com\/wp-content\/uploads\/2026\/03\/h8_hero_bg-01-1024x450.jpg 1024w, https:\/\/kronos-project.com\/wp-content\/uploads\/2026\/03\/h8_hero_bg-01-768x337.jpg 768w, https:\/\/kronos-project.com\/wp-content\/uploads\/2026\/03\/h8_hero_bg-01-1536x675.jpg 1536w\" sizes=\"(max-width: 1600px) 100vw, 1600px\" \/>\t\t\t\t\t\t\t\t\t\t\t\t\t\t\t<\/div>\n\t\t\t\t<\/div>\n\t\t\t\t\t<\/div>\n\t\t<\/div>\n\t\t\t\t\t<\/div>\n\t\t<\/section>\n\t\t\t\t<section class=\"elementor-section elementor-top-section elementor-element elementor-element-a2f65f2 elementor-section-boxed elementor-section-height-default elementor-section-height-default\" data-id=\"a2f65f2\" data-element_type=\"section\" data-e-type=\"section\">\n\t\t\t\t\t\t<div class=\"elementor-container elementor-column-gap-default\">\n\t\t\t\t\t<div class=\"elementor-column elementor-col-66 elementor-top-column elementor-element elementor-element-d94b6f9\" data-id=\"d94b6f9\" data-element_type=\"column\" data-e-type=\"column\">\n\t\t\t<div class=\"elementor-widget-wrap elementor-element-populated\">\n\t\t\t\t\t\t<div class=\"elementor-element elementor-element-951ed8b elementor-widget elementor-widget-text-editor\" data-id=\"951ed8b\" data-element_type=\"widget\" data-e-type=\"widget\" data-widget_type=\"text-editor.default\">\n\t\t\t\t<div class=\"elementor-widget-container\">\n\t\t\t\t\t\t\t\t\t<p style=\"text-align: justify;\"><span style=\"color: #000000; font-family: Poppins, helvetica, sans-serif;\">Nuestros clientes esperan que la gesti\u00f3n de sus proyectos de asesor\u00eda y consultor\u00eda muestren soluciones r\u00e1pidas, personalizadas, adaptadas a sus necesidades y adem\u00e1s que todo se entregue en tiempo r\u00e9cord y con una calidad impecable.<\/span><\/p><p><span style=\"color: #000000; font-family: Poppins, helvetica, sans-serif;\">Por ello hemos implementado toda nuestra experiencia en gesti\u00f3n en una plataforma que brinda una soluci\u00f3n: kronos\u00ae<\/span><\/p><p><span style=\"color: #000000; font-family: Poppins, helvetica, sans-serif;\">No se trata solo de completar un proyecto, sino de hacerlo mientras se gestionan expectativas, se controlan variables imprevistas y se mantiene una comunicaci\u00f3n efectiva.<\/span><\/p><p><span style=\"color: #000000; font-family: Poppins, helvetica, sans-serif;\"><strong>La clave:<\/strong><\/span><\/p><ul><li><span style=\"color: #000000; font-family: Poppins, helvetica, sans-serif;\">Monitoreo constante y detallado de cada etapa del proyecto<\/span><\/li><li><span style=\"color: #000000; font-family: Poppins, helvetica, sans-serif;\">Flexibilidad estrat\u00e9gica que permita adaptarse a los cambios sin comprometer el objetivo final.<\/span><\/li><li><span style=\"color: #000000; font-family: Poppins, helvetica, sans-serif;\">Los objetivos<\/span><br \/><span style=\"color: #000000; font-family: Poppins, helvetica, sans-serif;\">Cumplir con los plazos sin morir en el intento<\/span><\/li><li><span style=\"color: #000000; font-family: Poppins, helvetica, sans-serif;\">Medir el desempe\u00f1o del equipo.<\/span><\/li><li><span style=\"color: #000000; font-family: Poppins, helvetica, sans-serif;\">Mantener al cliente siempre informado.<\/span><\/li><li><span style=\"color: #000000; font-family: Poppins, helvetica, sans-serif;\">Establece l\u00edmites claros<\/span><\/li><\/ul><p><strong><span style=\"color: #000000; font-family: Poppins, helvetica, sans-serif;\">kronos\u00ae:<\/span><\/strong><\/p><p style=\"text-align: center;\"><span style=\"color: #000000; font-family: Poppins, helvetica, sans-serif;\">\u201cComunicaci\u00f3n centralizada y Flujos de trabajo din\u00e1micos\u201d<\/span><\/p><p style=\"text-align: justify;\"><span style=\"color: #000000; font-family: Poppins, helvetica, sans-serif;\">Acorde a nuestra metodolog\u00eda de servicio:<\/span><\/p><p style=\"text-align: justify;\"><span style=\"color: #000000; font-family: Poppins, helvetica, sans-serif;\">1) Inicio: Definir el prop\u00f3sito, el alcance, los objetivos principales y obtener la aprobaci\u00f3n<\/span><br \/><span style=\"color: #000000; font-family: Poppins, helvetica, sans-serif;\">del proyecto.<\/span><br \/><span style=\"color: #000000; font-family: Poppins, helvetica, sans-serif;\">2) Planificaci\u00f3n: Desarrollar una hoja de ruta detallada que incluye cronogramas,<\/span><br \/><span style=\"color: #000000; font-family: Poppins, helvetica, sans-serif;\">presupuesto, recursos necesarios y gesti\u00f3n de riesgos.<\/span><br \/><span style=\"color: #000000; font-family: Poppins, helvetica, sans-serif;\">3) Ejecuci\u00f3n: Llevar a cabo las tareas planificadas, gestionar el equipo y coordinar los<\/span><br \/><span style=\"color: #000000; font-family: Poppins, helvetica, sans-serif;\">recursos.<\/span><br \/><span style=\"color: #000000; font-family: Poppins, helvetica, sans-serif;\">4) Monitoreo y Control: Supervisar el progreso real frente a la l\u00ednea base (alcance, tiempo, costo) para realizar ajustes oportunos.<\/span><br \/><span style=\"color: #000000; font-family: Poppins, helvetica, sans-serif;\">5) Cierre: Entregar el resultado final, obtener aceptaci\u00f3n del cliente y realizar un informe final para documentar aprendizajes.<\/span><\/p><p style=\"text-align: justify;\"><span style=\"color: #000000; font-family: Poppins, helvetica, sans-serif;\">Dudas y comentarios contactos v\u00eda:<\/span><\/p>\t\t\t\t\t\t\t\t<\/div>\n\t\t\t\t<\/div>\n\t\t\t\t\t<\/div>\n\t\t<\/div>\n\t\t\t\t<div class=\"elementor-column elementor-col-33 elementor-top-column elementor-element elementor-element-f8850ec\" data-id=\"f8850ec\" data-element_type=\"column\" data-e-type=\"column\">\n\t\t\t<div class=\"elementor-widget-wrap elementor-element-populated\">\n\t\t\t\t\t\t<div class=\"elementor-element elementor-element-af05333 elementor-widget elementor-widget-html\" data-id=\"af05333\" data-element_type=\"widget\" data-e-type=\"widget\" data-widget_type=\"html.default\">\n\t\t\t\t<div class=\"elementor-widget-container\">\n\t\t\t\t\t<iframe\n  id=\"inlineFrameExample\"\n  title=\"Inline Frame Example\"\n  width=\"300\"\n  height=\"200\"\n  src=\"https:\/\/kronos-project.com\/plataforma\">\n<\/iframe>\n\t\t\t\t<\/div>\n\t\t\t\t<\/div>\n\t\t\t\t\t<\/div>\n\t\t<\/div>\n\t\t\t\t\t<\/div>\n\t\t<\/section>\n\t\t\t\t<section class=\"elementor-section elementor-top-section elementor-element elementor-element-5c32be0 elementor-section-boxed elementor-section-height-default elementor-section-height-default\" data-id=\"5c32be0\" data-element_type=\"section\" data-e-type=\"section\">\n\t\t\t\t\t\t<div class=\"elementor-container elementor-column-gap-default\">\n\t\t\t\t\t<div class=\"elementor-column elementor-col-25 elementor-top-column elementor-element elementor-element-80084e9\" data-id=\"80084e9\" data-element_type=\"column\" data-e-type=\"column\">\n\t\t\t<div class=\"elementor-widget-wrap elementor-element-populated\">\n\t\t\t\t\t\t<div class=\"elementor-element elementor-element-f4b4249 elementor-widget elementor-widget-heading\" data-id=\"f4b4249\" data-element_type=\"widget\" data-e-type=\"widget\" data-widget_type=\"heading.default\">\n\t\t\t\t<div class=\"elementor-widget-container\">\n\t\t\t\t\t<h2 class=\"elementor-heading-title elementor-size-default\">WhatsApp<\/h2>\t\t\t\t<\/div>\n\t\t\t\t<\/div>\n\t\t\t\t<div class=\"elementor-element elementor-element-015777b elementor-invisible elementor-widget elementor-widget-image\" data-id=\"015777b\" data-element_type=\"widget\" data-e-type=\"widget\" data-settings=\"{&quot;_animation&quot;:&quot;rotateIn&quot;}\" data-widget_type=\"image.default\">\n\t\t\t\t<div class=\"elementor-widget-container\">\n\t\t\t\t\t\t\t\t\t\t\t\t\t\t\t<img decoding=\"async\" width=\"512\" height=\"512\" src=\"https:\/\/kronos-project.com\/wp-content\/uploads\/2026\/03\/social.png\" class=\"attachment-large size-large wp-image-78\" alt=\"\" srcset=\"https:\/\/kronos-project.com\/wp-content\/uploads\/2026\/03\/social.png 512w, https:\/\/kronos-project.com\/wp-content\/uploads\/2026\/03\/social-300x300.png 300w, https:\/\/kronos-project.com\/wp-content\/uploads\/2026\/03\/social-150x150.png 150w\" sizes=\"(max-width: 512px) 100vw, 512px\" \/>\t\t\t\t\t\t\t\t\t\t\t\t\t\t\t<\/div>\n\t\t\t\t<\/div>\n\t\t\t\t<div class=\"elementor-element elementor-element-3de0f8e elementor-widget elementor-widget-heading\" data-id=\"3de0f8e\" data-element_type=\"widget\" data-e-type=\"widget\" data-widget_type=\"heading.default\">\n\t\t\t\t<div class=\"elementor-widget-container\">\n\t\t\t\t\t<h2 class=\"elementor-heading-title elementor-size-default\">81 1350 8361<\/h2>\t\t\t\t<\/div>\n\t\t\t\t<\/div>\n\t\t\t\t\t<\/div>\n\t\t<\/div>\n\t\t\t\t<div class=\"elementor-column elementor-col-25 elementor-top-column elementor-element elementor-element-50e89c4\" data-id=\"50e89c4\" data-element_type=\"column\" data-e-type=\"column\">\n\t\t\t<div class=\"elementor-widget-wrap elementor-element-populated\">\n\t\t\t\t\t\t<div class=\"elementor-element elementor-element-236716b elementor-widget elementor-widget-heading\" data-id=\"236716b\" data-element_type=\"widget\" data-e-type=\"widget\" data-widget_type=\"heading.default\">\n\t\t\t\t<div class=\"elementor-widget-container\">\n\t\t\t\t\t<h2 class=\"elementor-heading-title elementor-size-default\">Telef\u00f3no<\/h2>\t\t\t\t<\/div>\n\t\t\t\t<\/div>\n\t\t\t\t<div class=\"elementor-element elementor-element-edebb10 elementor-invisible elementor-widget elementor-widget-image\" data-id=\"edebb10\" data-element_type=\"widget\" data-e-type=\"widget\" data-settings=\"{&quot;_animation&quot;:&quot;rotateIn&quot;}\" data-widget_type=\"image.default\">\n\t\t\t\t<div class=\"elementor-widget-container\">\n\t\t\t\t\t\t\t\t\t\t\t\t\t\t\t<img decoding=\"async\" width=\"512\" height=\"512\" src=\"https:\/\/kronos-project.com\/wp-content\/uploads\/2026\/03\/chat.png\" class=\"attachment-large size-large wp-image-79\" alt=\"\" srcset=\"https:\/\/kronos-project.com\/wp-content\/uploads\/2026\/03\/chat.png 512w, https:\/\/kronos-project.com\/wp-content\/uploads\/2026\/03\/chat-300x300.png 300w, https:\/\/kronos-project.com\/wp-content\/uploads\/2026\/03\/chat-150x150.png 150w\" sizes=\"(max-width: 512px) 100vw, 512px\" \/>\t\t\t\t\t\t\t\t\t\t\t\t\t\t\t<\/div>\n\t\t\t\t<\/div>\n\t\t\t\t<div class=\"elementor-element elementor-element-e07ae40 elementor-widget elementor-widget-heading\" data-id=\"e07ae40\" data-element_type=\"widget\" data-e-type=\"widget\" data-widget_type=\"heading.default\">\n\t\t\t\t<div class=\"elementor-widget-container\">\n\t\t\t\t\t<h2 class=\"elementor-heading-title elementor-size-default\">55 5914 8355<\/h2>\t\t\t\t<\/div>\n\t\t\t\t<\/div>\n\t\t\t\t\t<\/div>\n\t\t<\/div>\n\t\t\t\t<div class=\"elementor-column elementor-col-25 elementor-top-column elementor-element elementor-element-94396d5\" data-id=\"94396d5\" data-element_type=\"column\" data-e-type=\"column\">\n\t\t\t<div class=\"elementor-widget-wrap elementor-element-populated\">\n\t\t\t\t\t\t<div class=\"elementor-element elementor-element-27b2de1 elementor-widget elementor-widget-heading\" data-id=\"27b2de1\" data-element_type=\"widget\" data-e-type=\"widget\" data-widget_type=\"heading.default\">\n\t\t\t\t<div class=\"elementor-widget-container\">\n\t\t\t\t\t<h2 class=\"elementor-heading-title elementor-size-default\">Email<\/h2>\t\t\t\t<\/div>\n\t\t\t\t<\/div>\n\t\t\t\t<div class=\"elementor-element elementor-element-823a6d9 elementor-invisible elementor-widget elementor-widget-image\" data-id=\"823a6d9\" data-element_type=\"widget\" data-e-type=\"widget\" data-settings=\"{&quot;_animation&quot;:&quot;rotateIn&quot;}\" data-widget_type=\"image.default\">\n\t\t\t\t<div class=\"elementor-widget-container\">\n\t\t\t\t\t\t\t\t\t\t\t\t\t\t\t<img loading=\"lazy\" decoding=\"async\" width=\"512\" height=\"512\" src=\"https:\/\/kronos-project.com\/wp-content\/uploads\/2026\/03\/correo-electronico.png\" class=\"attachment-large size-large wp-image-80\" alt=\"\" srcset=\"https:\/\/kronos-project.com\/wp-content\/uploads\/2026\/03\/correo-electronico.png 512w, https:\/\/kronos-project.com\/wp-content\/uploads\/2026\/03\/correo-electronico-300x300.png 300w, https:\/\/kronos-project.com\/wp-content\/uploads\/2026\/03\/correo-electronico-150x150.png 150w\" sizes=\"(max-width: 512px) 100vw, 512px\" \/>\t\t\t\t\t\t\t\t\t\t\t\t\t\t\t<\/div>\n\t\t\t\t<\/div>\n\t\t\t\t<div class=\"elementor-element elementor-element-6b3d1e5 elementor-widget elementor-widget-heading\" data-id=\"6b3d1e5\" data-element_type=\"widget\" data-e-type=\"widget\" data-widget_type=\"heading.default\">\n\t\t\t\t<div class=\"elementor-widget-container\">\n\t\t\t\t\t<h2 class=\"elementor-heading-title elementor-size-default\">kronos@bcag.com.mx<\/h2>\t\t\t\t<\/div>\n\t\t\t\t<\/div>\n\t\t\t\t\t<\/div>\n\t\t<\/div>\n\t\t\t\t<div class=\"elementor-column elementor-col-25 elementor-top-column elementor-element elementor-element-8b1b603\" data-id=\"8b1b603\" data-element_type=\"column\" data-e-type=\"column\">\n\t\t\t<div class=\"elementor-widget-wrap elementor-element-populated\">\n\t\t\t\t\t\t<div class=\"elementor-element elementor-element-7643fae elementor-widget elementor-widget-heading\" data-id=\"7643fae\" data-element_type=\"widget\" data-e-type=\"widget\" data-widget_type=\"heading.default\">\n\t\t\t\t<div class=\"elementor-widget-container\">\n\t\t\t\t\t<h2 class=\"elementor-heading-title elementor-size-default\">Vis\u00edtenos<\/h2>\t\t\t\t<\/div>\n\t\t\t\t<\/div>\n\t\t\t\t<div class=\"elementor-element elementor-element-9eb1d1c elementor-invisible elementor-widget elementor-widget-image\" data-id=\"9eb1d1c\" data-element_type=\"widget\" data-e-type=\"widget\" data-settings=\"{&quot;_animation&quot;:&quot;rotateIn&quot;}\" data-widget_type=\"image.default\">\n\t\t\t\t<div class=\"elementor-widget-container\">\n\t\t\t\t\t\t\t\t\t\t\t\t\t\t\t<img loading=\"lazy\" decoding=\"async\" width=\"512\" height=\"512\" src=\"https:\/\/kronos-project.com\/wp-content\/uploads\/2026\/03\/www.png\" class=\"attachment-large size-large wp-image-77\" alt=\"\" srcset=\"https:\/\/kronos-project.com\/wp-content\/uploads\/2026\/03\/www.png 512w, https:\/\/kronos-project.com\/wp-content\/uploads\/2026\/03\/www-300x300.png 300w, https:\/\/kronos-project.com\/wp-content\/uploads\/2026\/03\/www-150x150.png 150w\" sizes=\"(max-width: 512px) 100vw, 512px\" \/>\t\t\t\t\t\t\t\t\t\t\t\t\t\t\t<\/div>\n\t\t\t\t<\/div>\n\t\t\t\t<div class=\"elementor-element elementor-element-f5b4122 elementor-widget elementor-widget-heading\" data-id=\"f5b4122\" data-element_type=\"widget\" data-e-type=\"widget\" data-widget_type=\"heading.default\">\n\t\t\t\t<div class=\"elementor-widget-container\">\n\t\t\t\t\t<h2 class=\"elementor-heading-title elementor-size-default\">www.bcag.com.mx<\/h2>\t\t\t\t<\/div>\n\t\t\t\t<\/div>\n\t\t\t\t\t<\/div>\n\t\t<\/div>\n\t\t\t\t\t<\/div>\n\t\t<\/section>\n\t\t\t\t<\/div>\n\t\t","protected":false},"excerpt":{"rendered":"<p>Nuestros clientes esperan que la gesti\u00f3n de sus proyectos de asesor\u00eda y consultor\u00eda muestren soluciones r\u00e1pidas, personalizadas, adaptadas a sus necesidades y adem\u00e1s que todo se entregue en tiempo r\u00e9cord y con una calidad impecable. Por ello hemos implementado toda nuestra experiencia en gesti\u00f3n en una plataforma que brinda una soluci\u00f3n: kronos\u00ae No se trata [&hellip;]<\/p>\n","protected":false},"author":1,"featured_media":0,"parent":0,"menu_order":0,"comment_status":"closed","ping_status":"closed","template":"","meta":{"_acf_changed":false,"footnotes":""},"class_list":["post-27","page","type-page","status-publish","hentry"],"acf":[],"_links":{"self":[{"href":"https:\/\/kronos-project.com\/index.php?rest_route=\/wp\/v2\/pages\/27","targetHints":{"allow":["GET"]}}],"collection":[{"href":"https:\/\/kronos-project.com\/index.php?rest_route=\/wp\/v2\/pages"}],"about":[{"href":"https:\/\/kronos-project.com\/index.php?rest_route=\/wp\/v2\/types\/page"}],"author":[{"embeddable":true,"href":"https:\/\/kronos-project.com\/index.php?rest_route=\/wp\/v2\/users\/1"}],"replies":[{"embeddable":true,"href":"https:\/\/kronos-project.com\/index.php?rest_route=%2Fwp%2Fv2%2Fcomments&post=27"}],"version-history":[{"count":35,"href":"https:\/\/kronos-project.com\/index.php?rest_route=\/wp\/v2\/pages\/27\/revisions"}],"predecessor-version":[{"id":83,"href":"https:\/\/kronos-project.com\/index.php?rest_route=\/wp\/v2\/pages\/27\/revisions\/83"}],"wp:attachment":[{"href":"https:\/\/kronos-project.com\/index.php?rest_route=%2Fwp%2Fv2%2Fmedia&parent=27"}],"curies":[{"name":"wp","href":"https:\/\/api.w.org\/{rel}","templated":true}]}}